{"id":980,"date":"2024-05-20T16:34:18","date_gmt":"2024-05-20T14:34:18","guid":{"rendered":"https:\/\/detox-ton-stock.org\/?post_type=product&#038;p=980"},"modified":"2024-05-22T10:06:22","modified_gmt":"2024-05-22T08:06:22","slug":"st-germain","status":"publish","type":"product","link":"https:\/\/detox-ton-stock.org\/index.php\/produit\/st-germain\/","title":{"rendered":"ST GERMAIN"},"content":{"rendered":"<p>Jupe pliss\u00e9e soleil ST GERMAIN en tissu enduit sp\u00e9cial pluie RATP avec incrustation dans le creux des plis de foulards RATP en satin pliss\u00e9 soleil. Large taille ajust\u00e9e.<\/p>\n","protected":false},"excerpt":{"rendered":"<p>Jupe pliss\u00e9e soleil ST GERMAIN en tissu enduit sp\u00e9cial pluie RATP avec incrustation dans le creux des plis de foulards RATP en satin pliss\u00e9 soleil. Large taille ajust\u00e9e.<\/p>\n","protected":false},"featured_media":985,"template":"","meta":{"_acf_changed":false,"_et_pb_use_builder":"","_et_pb_old_content":"","_et_gb_content_width":""},"product_brand":[],"product_cat":[38],"product_tag":[],"class_list":{"0":"post-980","1":"product","2":"type-product","3":"status-publish","4":"has-post-thumbnail","6":"product_cat-vestes-robes","8":"first","9":"instock","10":"shipping-taxable","11":"product-type-variable"},"acf":[],"_links":{"self":[{"href":"https:\/\/detox-ton-stock.org\/index.php\/wp-json\/wp\/v2\/product\/980","targetHints":{"allow":["GET"]}}],"collection":[{"href":"https:\/\/detox-ton-stock.org\/index.php\/wp-json\/wp\/v2\/product"}],"about":[{"href":"https:\/\/detox-ton-stock.org\/index.php\/wp-json\/wp\/v2\/types\/product"}],"wp:featuredmedia":[{"embeddable":true,"href":"https:\/\/detox-ton-stock.org\/index.php\/wp-json\/wp\/v2\/media\/985"}],"wp:attachment":[{"href":"https:\/\/detox-ton-stock.org\/index.php\/wp-json\/wp\/v2\/media?parent=980"}],"wp:term":[{"taxonomy":"product_brand","embeddable":true,"href":"https:\/\/detox-ton-stock.org\/index.php\/wp-json\/wp\/v2\/product_brand?post=980"},{"taxonomy":"product_cat","embeddable":true,"href":"https:\/\/detox-ton-stock.org\/index.php\/wp-json\/wp\/v2\/product_cat?post=980"},{"taxonomy":"product_tag","embeddable":true,"href":"https:\/\/detox-ton-stock.org\/index.php\/wp-json\/wp\/v2\/product_tag?post=980"}],"curies":[{"name":"wp","href":"https:\/\/api.w.org\/{rel}","templated":true}]}}