{"id":929,"date":"2024-05-20T15:21:27","date_gmt":"2024-05-20T13:21:27","guid":{"rendered":"https:\/\/detox-ton-stock.org\/?post_type=product&#038;p=929"},"modified":"2024-05-22T10:07:04","modified_gmt":"2024-05-22T08:07:04","slug":"madeleine","status":"publish","type":"product","link":"https:\/\/detox-ton-stock.org\/index.php\/produit\/madeleine\/","title":{"rendered":"MADELEINE"},"content":{"rendered":"<p>Veste courte MADELEINE enti\u00e8rement r\u00e9alis\u00e9e \u00e0 la main pour l\u2019effilochage r\u00e9gulier en effet chevrons sur le devant et dos. Pos\u00e9e sur organza de soie coloris chair. Emmanchure ronde sur l\u2019\u00e9paule. Finition couture. (Pantalons homme de l\u2019uniforme RATP et organza de soie provenant d\u2019une donation de tissus de la maison de couture Ala\u00efa)<\/p>\n","protected":false},"excerpt":{"rendered":"<p>Veste courte MADELEINE enti\u00e8rement r\u00e9alis\u00e9e \u00e0 la main pour l\u2019effilochage r\u00e9gulier en effet chevrons sur le devant et dos. Pos\u00e9e sur organza de soie coloris chair. Emmanchure ronde sur l\u2019\u00e9paule. Finition couture. (Pantalons homme de l\u2019uniforme RATP et organza de soie provenant d\u2019une donation de tissus de la maison de couture Ala\u00efa)<\/p>\n","protected":false},"featured_media":934,"template":"","meta":{"_acf_changed":false,"_et_pb_use_builder":"","_et_pb_old_content":"","_et_gb_content_width":""},"product_brand":[],"product_cat":[38],"product_tag":[],"class_list":{"0":"post-929","1":"product","2":"type-product","3":"status-publish","4":"has-post-thumbnail","6":"product_cat-vestes-robes","8":"first","9":"instock","10":"shipping-taxable","11":"product-type-variable"},"acf":[],"_links":{"self":[{"href":"https:\/\/detox-ton-stock.org\/index.php\/wp-json\/wp\/v2\/product\/929","targetHints":{"allow":["GET"]}}],"collection":[{"href":"https:\/\/detox-ton-stock.org\/index.php\/wp-json\/wp\/v2\/product"}],"about":[{"href":"https:\/\/detox-ton-stock.org\/index.php\/wp-json\/wp\/v2\/types\/product"}],"wp:featuredmedia":[{"embeddable":true,"href":"https:\/\/detox-ton-stock.org\/index.php\/wp-json\/wp\/v2\/media\/934"}],"wp:attachment":[{"href":"https:\/\/detox-ton-stock.org\/index.php\/wp-json\/wp\/v2\/media?parent=929"}],"wp:term":[{"taxonomy":"product_brand","embeddable":true,"href":"https:\/\/detox-ton-stock.org\/index.php\/wp-json\/wp\/v2\/product_brand?post=929"},{"taxonomy":"product_cat","embeddable":true,"href":"https:\/\/detox-ton-stock.org\/index.php\/wp-json\/wp\/v2\/product_cat?post=929"},{"taxonomy":"product_tag","embeddable":true,"href":"https:\/\/detox-ton-stock.org\/index.php\/wp-json\/wp\/v2\/product_tag?post=929"}],"curies":[{"name":"wp","href":"https:\/\/api.w.org\/{rel}","templated":true}]}}