{"id":907,"date":"2024-05-20T15:10:19","date_gmt":"2024-05-20T13:10:19","guid":{"rendered":"https:\/\/detox-ton-stock.org\/?post_type=product&#038;p=907"},"modified":"2024-05-22T10:08:29","modified_gmt":"2024-05-22T08:08:29","slug":"sebastopol","status":"publish","type":"product","link":"https:\/\/detox-ton-stock.org\/index.php\/produit\/sebastopol\/","title":{"rendered":"S\u00c9BASTOPOL"},"content":{"rendered":"<p>Jupe crayon S\u00c9BASTOPOL enti\u00e8rement r\u00e9alis\u00e9e \u00e0 la main pour l\u2019effilochage r\u00e9gulier en effet chevrons sur le devant et dos. Pos\u00e9e sur un fond de jupe en organza de soie coloris chair. Finition couture. (Pantalons homme de l\u2019uniforme RATP et organza de soie provenant d\u2019une donation de tissus de la maison de couture Ala\u00efa)<\/p>\n","protected":false},"excerpt":{"rendered":"<p>Jupe crayon S\u00c9BASTOPOL enti\u00e8rement r\u00e9alis\u00e9e \u00e0 la main pour l\u2019effilochage r\u00e9gulier en effet chevrons sur le devant et dos. Pos\u00e9e sur un fond de jupe en organza de soie coloris chair. Finition couture. (Pantalons homme de l\u2019uniforme RATP et organza de soie provenant d\u2019une donation de tissus de la maison de couture Ala\u00efa)<\/p>\n","protected":false},"featured_media":913,"template":"","meta":{"_acf_changed":false,"_et_pb_use_builder":"","_et_pb_old_content":"","_et_gb_content_width":""},"product_brand":[],"product_cat":[38],"product_tag":[],"class_list":{"0":"post-907","1":"product","2":"type-product","3":"status-publish","4":"has-post-thumbnail","6":"product_cat-vestes-robes","8":"first","9":"instock","10":"shipping-taxable","11":"product-type-variable"},"acf":[],"_links":{"self":[{"href":"https:\/\/detox-ton-stock.org\/index.php\/wp-json\/wp\/v2\/product\/907","targetHints":{"allow":["GET"]}}],"collection":[{"href":"https:\/\/detox-ton-stock.org\/index.php\/wp-json\/wp\/v2\/product"}],"about":[{"href":"https:\/\/detox-ton-stock.org\/index.php\/wp-json\/wp\/v2\/types\/product"}],"wp:featuredmedia":[{"embeddable":true,"href":"https:\/\/detox-ton-stock.org\/index.php\/wp-json\/wp\/v2\/media\/913"}],"wp:attachment":[{"href":"https:\/\/detox-ton-stock.org\/index.php\/wp-json\/wp\/v2\/media?parent=907"}],"wp:term":[{"taxonomy":"product_brand","embeddable":true,"href":"https:\/\/detox-ton-stock.org\/index.php\/wp-json\/wp\/v2\/product_brand?post=907"},{"taxonomy":"product_cat","embeddable":true,"href":"https:\/\/detox-ton-stock.org\/index.php\/wp-json\/wp\/v2\/product_cat?post=907"},{"taxonomy":"product_tag","embeddable":true,"href":"https:\/\/detox-ton-stock.org\/index.php\/wp-json\/wp\/v2\/product_tag?post=907"}],"curies":[{"name":"wp","href":"https:\/\/api.w.org\/{rel}","templated":true}]}}