{"id":887,"date":"2024-05-20T15:03:20","date_gmt":"2024-05-20T13:03:20","guid":{"rendered":"https:\/\/detox-ton-stock.org\/?post_type=product&#038;p=887"},"modified":"2024-05-22T10:10:13","modified_gmt":"2024-05-22T08:10:13","slug":"rivoli","status":"publish","type":"product","link":"https:\/\/detox-ton-stock.org\/index.php\/produit\/rivoli\/","title":{"rendered":"RIVOLI"},"content":{"rendered":"<p>Pantalon tailleur RIVOLI customis\u00e9 \u00e0 partir d\u2019un pantalon tailleur femme RATP. Enti\u00e8rement brod\u00e9e \u00e0 la main par l\u2019institut Kalhath en Inde, th\u00e8me hommage \u00e0 Yves Saint Laurent. Finition couture. (Veste uniforme femme RATP et foulard satin RATP)<\/p>\n","protected":false},"excerpt":{"rendered":"<p>Pantalon tailleur RIVOLI customis\u00e9 \u00e0 partir d\u2019un pantalon tailleur femme RATP. Enti\u00e8rement brod\u00e9e \u00e0 la main par l\u2019institut Kalhath en Inde, th\u00e8me hommage \u00e0 Yves Saint Laurent. Finition couture. (Veste uniforme femme RATP et foulard satin RATP)<\/p>\n","protected":false},"featured_media":893,"template":"","meta":{"_acf_changed":false,"_et_pb_use_builder":"","_et_pb_old_content":"","_et_gb_content_width":""},"product_brand":[],"product_cat":[37],"product_tag":[],"class_list":{"0":"post-887","1":"product","2":"type-product","3":"status-publish","4":"has-post-thumbnail","6":"product_cat-pantalons","8":"first","9":"instock","10":"shipping-taxable","11":"product-type-variable"},"acf":[],"_links":{"self":[{"href":"https:\/\/detox-ton-stock.org\/index.php\/wp-json\/wp\/v2\/product\/887","targetHints":{"allow":["GET"]}}],"collection":[{"href":"https:\/\/detox-ton-stock.org\/index.php\/wp-json\/wp\/v2\/product"}],"about":[{"href":"https:\/\/detox-ton-stock.org\/index.php\/wp-json\/wp\/v2\/types\/product"}],"wp:featuredmedia":[{"embeddable":true,"href":"https:\/\/detox-ton-stock.org\/index.php\/wp-json\/wp\/v2\/media\/893"}],"wp:attachment":[{"href":"https:\/\/detox-ton-stock.org\/index.php\/wp-json\/wp\/v2\/media?parent=887"}],"wp:term":[{"taxonomy":"product_brand","embeddable":true,"href":"https:\/\/detox-ton-stock.org\/index.php\/wp-json\/wp\/v2\/product_brand?post=887"},{"taxonomy":"product_cat","embeddable":true,"href":"https:\/\/detox-ton-stock.org\/index.php\/wp-json\/wp\/v2\/product_cat?post=887"},{"taxonomy":"product_tag","embeddable":true,"href":"https:\/\/detox-ton-stock.org\/index.php\/wp-json\/wp\/v2\/product_tag?post=887"}],"curies":[{"name":"wp","href":"https:\/\/api.w.org\/{rel}","templated":true}]}}