{"id":877,"date":"2024-05-20T15:00:43","date_gmt":"2024-05-20T13:00:43","guid":{"rendered":"https:\/\/detox-ton-stock.org\/?post_type=product&#038;p=877"},"modified":"2024-05-22T10:11:27","modified_gmt":"2024-05-22T08:11:27","slug":"louvre","status":"publish","type":"product","link":"https:\/\/detox-ton-stock.org\/index.php\/produit\/louvre\/","title":{"rendered":"LOUVRE"},"content":{"rendered":"<p>Veste tailleur LOUVRE customis\u00e9e \u00e0 partir d\u2019une veste tailleur femme RATP. Enti\u00e8rement brod\u00e9e \u00e0 la main par l\u2019institut Kalhath en Inde, th\u00e8me hommage \u00e0 Yves Saint Laurent. Doubl\u00e9e de foulard satin RATP. Finition couture. (Veste uniforme femme RATP et foulard satin RATP)<\/p>\n","protected":false},"excerpt":{"rendered":"<p>Veste tailleur LOUVRE customis\u00e9e \u00e0 partir d\u2019une veste tailleur femme RATP. Enti\u00e8rement brod\u00e9e \u00e0 la main par l\u2019institut Kalhath en Inde, th\u00e8me hommage \u00e0 Yves Saint Laurent. Doubl\u00e9e de foulard satin RATP. Finition couture. (Veste uniforme femme RATP et foulard satin RATP)<\/p>\n","protected":false},"featured_media":883,"template":"","meta":{"_acf_changed":false,"_et_pb_use_builder":"","_et_pb_old_content":"","_et_gb_content_width":""},"product_brand":[],"product_cat":[38],"product_tag":[],"class_list":{"0":"post-877","1":"product","2":"type-product","3":"status-publish","4":"has-post-thumbnail","6":"product_cat-vestes-robes","8":"first","9":"instock","10":"shipping-taxable","11":"product-type-variable"},"acf":[],"_links":{"self":[{"href":"https:\/\/detox-ton-stock.org\/index.php\/wp-json\/wp\/v2\/product\/877","targetHints":{"allow":["GET"]}}],"collection":[{"href":"https:\/\/detox-ton-stock.org\/index.php\/wp-json\/wp\/v2\/product"}],"about":[{"href":"https:\/\/detox-ton-stock.org\/index.php\/wp-json\/wp\/v2\/types\/product"}],"wp:featuredmedia":[{"embeddable":true,"href":"https:\/\/detox-ton-stock.org\/index.php\/wp-json\/wp\/v2\/media\/883"}],"wp:attachment":[{"href":"https:\/\/detox-ton-stock.org\/index.php\/wp-json\/wp\/v2\/media?parent=877"}],"wp:term":[{"taxonomy":"product_brand","embeddable":true,"href":"https:\/\/detox-ton-stock.org\/index.php\/wp-json\/wp\/v2\/product_brand?post=877"},{"taxonomy":"product_cat","embeddable":true,"href":"https:\/\/detox-ton-stock.org\/index.php\/wp-json\/wp\/v2\/product_cat?post=877"},{"taxonomy":"product_tag","embeddable":true,"href":"https:\/\/detox-ton-stock.org\/index.php\/wp-json\/wp\/v2\/product_tag?post=877"}],"curies":[{"name":"wp","href":"https:\/\/api.w.org\/{rel}","templated":true}]}}