{"id":863,"date":"2024-05-20T14:58:01","date_gmt":"2024-05-20T12:58:01","guid":{"rendered":"https:\/\/detox-ton-stock.org\/?post_type=product&#038;p=863"},"modified":"2024-05-22T10:12:03","modified_gmt":"2024-05-22T08:12:03","slug":"marceau","status":"publish","type":"product","link":"https:\/\/detox-ton-stock.org\/index.php\/produit\/marceau\/","title":{"rendered":"MARCEAU"},"content":{"rendered":"<p>Jupe MARCEAU \u00e0 taille corset\u00e9e r\u00e9alis\u00e9e \u00e0 partir de la d\u00e9construction de pantalons homme de l\u2019uniforme RATP. Agr\u00e9ment\u00e9e d\u2019une ceinture spaghetti r\u00e9alis\u00e9 dans un foulard RATP avec finition pompons cha\u00eenes. Ampleur de la jupe g\u00e9n\u00e9reuse juponn\u00e9e en dessous. Bord\u00e9e d\u2019un biais r\u00e9alis\u00e9 dans un foulard satin RATP \u00e0 la jonction de la taille corset\u00e9e \u00e0 la jupe. Poches sur le c\u00f4t\u00e9. Finition couture. (Pantalons homme de l\u2019uniforme RATP, foulard satin RATP, cha\u00eenes coloris or mat)<\/p>\n","protected":false},"excerpt":{"rendered":"<p>Jupe MARCEAU \u00e0 taille corset\u00e9e r\u00e9alis\u00e9e \u00e0 partir de la d\u00e9construction de pantalons homme de l\u2019uniforme RATP. Agr\u00e9ment\u00e9e d\u2019une ceinture spaghetti r\u00e9alis\u00e9 dans un foulard RATP avec finition pompons cha\u00eenes. Ampleur de la jupe g\u00e9n\u00e9reuse juponn\u00e9e en dessous. Bord\u00e9e d\u2019un biais r\u00e9alis\u00e9 dans un foulard satin RATP \u00e0 la jonction de la taille corset\u00e9e \u00e0 la jupe. Poches sur le c\u00f4t\u00e9. Finition couture. (Pantalons homme de l\u2019uniforme RATP, foulard satin RATP, cha\u00eenes coloris or mat)<\/p>\n","protected":false},"featured_media":870,"template":"","meta":{"_acf_changed":false,"_et_pb_use_builder":"","_et_pb_old_content":"","_et_gb_content_width":""},"product_brand":[],"product_cat":[38],"product_tag":[],"class_list":{"0":"post-863","1":"product","2":"type-product","3":"status-publish","4":"has-post-thumbnail","6":"product_cat-vestes-robes","8":"first","9":"instock","10":"shipping-taxable","11":"product-type-variable"},"acf":[],"_links":{"self":[{"href":"https:\/\/detox-ton-stock.org\/index.php\/wp-json\/wp\/v2\/product\/863","targetHints":{"allow":["GET"]}}],"collection":[{"href":"https:\/\/detox-ton-stock.org\/index.php\/wp-json\/wp\/v2\/product"}],"about":[{"href":"https:\/\/detox-ton-stock.org\/index.php\/wp-json\/wp\/v2\/types\/product"}],"wp:featuredmedia":[{"embeddable":true,"href":"https:\/\/detox-ton-stock.org\/index.php\/wp-json\/wp\/v2\/media\/870"}],"wp:attachment":[{"href":"https:\/\/detox-ton-stock.org\/index.php\/wp-json\/wp\/v2\/media?parent=863"}],"wp:term":[{"taxonomy":"product_brand","embeddable":true,"href":"https:\/\/detox-ton-stock.org\/index.php\/wp-json\/wp\/v2\/product_brand?post=863"},{"taxonomy":"product_cat","embeddable":true,"href":"https:\/\/detox-ton-stock.org\/index.php\/wp-json\/wp\/v2\/product_cat?post=863"},{"taxonomy":"product_tag","embeddable":true,"href":"https:\/\/detox-ton-stock.org\/index.php\/wp-json\/wp\/v2\/product_tag?post=863"}],"curies":[{"name":"wp","href":"https:\/\/api.w.org\/{rel}","templated":true}]}}