{"id":843,"date":"2024-05-20T14:49:51","date_gmt":"2024-05-20T12:49:51","guid":{"rendered":"https:\/\/detox-ton-stock.org\/?post_type=product&#038;p=843"},"modified":"2024-05-22T10:14:15","modified_gmt":"2024-05-22T08:14:15","slug":"pyrenees","status":"publish","type":"product","link":"https:\/\/detox-ton-stock.org\/index.php\/produit\/pyrenees\/","title":{"rendered":"PYR\u00c9N\u00c9ES"},"content":{"rendered":"<p>Sweatshirt PYR\u00c9N\u00c9ES r\u00e9alis\u00e9 \u00e0 partir de la d\u00e9construction de pantalons homme de l\u2019uniforme RATP. Kilt matelass\u00e9 ma\u00eetris\u00e9 en carr\u00e9 losange enti\u00e8rement soulign\u00e9 de cha\u00eenes or mat pos\u00e9es \u00e0 la main. Encolure ronde \u00e0 empi\u00e8cements agr\u00e9ment\u00e9s de cha\u00eenes en finition ainsi que poignets. Doublage foulard satin RATP. Finition couture. (Pantalons homme de l\u2019uniforme RATP et cha\u00eenes m\u00e9talliques coloris or mat)<\/p>\n","protected":false},"excerpt":{"rendered":"<p>Sweatshirt PYR\u00c9N\u00c9ES r\u00e9alis\u00e9 \u00e0 partir de la d\u00e9construction de pantalons homme de l\u2019uniforme RATP. Kilt matelass\u00e9 ma\u00eetris\u00e9 en carr\u00e9 losange enti\u00e8rement soulign\u00e9 de cha\u00eenes or mat pos\u00e9es \u00e0 la main. Encolure ronde \u00e0 empi\u00e8cements agr\u00e9ment\u00e9s de cha\u00eenes en finition ainsi que poignets. Doublage foulard satin RATP. Finition couture. (Pantalons homme de l\u2019uniforme RATP et cha\u00eenes m\u00e9talliques coloris or mat)<\/p>\n","protected":false},"featured_media":848,"template":"","meta":{"_acf_changed":false,"_et_pb_use_builder":"","_et_pb_old_content":"","_et_gb_content_width":""},"product_brand":[],"product_cat":[39],"product_tag":[],"class_list":{"0":"post-843","1":"product","2":"type-product","3":"status-publish","4":"has-post-thumbnail","6":"product_cat-hauts-tops","8":"first","9":"instock","10":"shipping-taxable","11":"product-type-variable"},"acf":[],"_links":{"self":[{"href":"https:\/\/detox-ton-stock.org\/index.php\/wp-json\/wp\/v2\/product\/843","targetHints":{"allow":["GET"]}}],"collection":[{"href":"https:\/\/detox-ton-stock.org\/index.php\/wp-json\/wp\/v2\/product"}],"about":[{"href":"https:\/\/detox-ton-stock.org\/index.php\/wp-json\/wp\/v2\/types\/product"}],"wp:featuredmedia":[{"embeddable":true,"href":"https:\/\/detox-ton-stock.org\/index.php\/wp-json\/wp\/v2\/media\/848"}],"wp:attachment":[{"href":"https:\/\/detox-ton-stock.org\/index.php\/wp-json\/wp\/v2\/media?parent=843"}],"wp:term":[{"taxonomy":"product_brand","embeddable":true,"href":"https:\/\/detox-ton-stock.org\/index.php\/wp-json\/wp\/v2\/product_brand?post=843"},{"taxonomy":"product_cat","embeddable":true,"href":"https:\/\/detox-ton-stock.org\/index.php\/wp-json\/wp\/v2\/product_cat?post=843"},{"taxonomy":"product_tag","embeddable":true,"href":"https:\/\/detox-ton-stock.org\/index.php\/wp-json\/wp\/v2\/product_tag?post=843"}],"curies":[{"name":"wp","href":"https:\/\/api.w.org\/{rel}","templated":true}]}}