{"id":826,"date":"2024-05-20T14:42:01","date_gmt":"2024-05-20T12:42:01","guid":{"rendered":"https:\/\/detox-ton-stock.org\/?post_type=product&#038;p=826"},"modified":"2024-05-22T10:15:23","modified_gmt":"2024-05-22T08:15:23","slug":"lafayette","status":"publish","type":"product","link":"https:\/\/detox-ton-stock.org\/index.php\/produit\/lafayette\/","title":{"rendered":"LAFAYETTE"},"content":{"rendered":"<p>Corsaire fa\u00e7on tor\u00e9ador LAFAYETTE customis\u00e9 \u00e0 partir d\u2019un pantalon uniforme femme de la RATP agr\u00e9ment\u00e9 sur les c\u00f4t\u00e9s d\u2019une bande de Sfifa provenant de l\u2019association TIMENDOTES au Maroc enti\u00e8rement r\u00e9alis\u00e9e \u00e0 la main, associ\u00e9e aux cravates RATP fronc\u00e9es d\u00e9coup\u00e9es au laser. Finition couture. (Pantalon femme uniforme RATP, bande de Sfifa en soie, cravate uniforme homme RATP)<\/p>\n","protected":false},"excerpt":{"rendered":"<p>Corsaire fa\u00e7on tor\u00e9ador LAFAYETTE customis\u00e9 \u00e0 partir d\u2019un pantalon uniforme femme de la RATP agr\u00e9ment\u00e9 sur les c\u00f4t\u00e9s d\u2019une bande de Sfifa provenant de l\u2019association TIMENDOTES au Maroc enti\u00e8rement r\u00e9alis\u00e9e \u00e0 la main, associ\u00e9e aux cravates RATP fronc\u00e9es d\u00e9coup\u00e9es au laser. Finition couture. (Pantalon femme uniforme RATP, bande de Sfifa en soie, cravate uniforme homme RATP)<\/p>\n","protected":false},"featured_media":828,"template":"","meta":{"_acf_changed":false,"_et_pb_use_builder":"","_et_pb_old_content":"","_et_gb_content_width":""},"product_brand":[],"product_cat":[37],"product_tag":[],"class_list":{"0":"post-826","1":"product","2":"type-product","3":"status-publish","4":"has-post-thumbnail","6":"product_cat-pantalons","8":"first","9":"instock","10":"shipping-taxable","11":"product-type-variable"},"acf":[],"_links":{"self":[{"href":"https:\/\/detox-ton-stock.org\/index.php\/wp-json\/wp\/v2\/product\/826","targetHints":{"allow":["GET"]}}],"collection":[{"href":"https:\/\/detox-ton-stock.org\/index.php\/wp-json\/wp\/v2\/product"}],"about":[{"href":"https:\/\/detox-ton-stock.org\/index.php\/wp-json\/wp\/v2\/types\/product"}],"wp:featuredmedia":[{"embeddable":true,"href":"https:\/\/detox-ton-stock.org\/index.php\/wp-json\/wp\/v2\/media\/828"}],"wp:attachment":[{"href":"https:\/\/detox-ton-stock.org\/index.php\/wp-json\/wp\/v2\/media?parent=826"}],"wp:term":[{"taxonomy":"product_brand","embeddable":true,"href":"https:\/\/detox-ton-stock.org\/index.php\/wp-json\/wp\/v2\/product_brand?post=826"},{"taxonomy":"product_cat","embeddable":true,"href":"https:\/\/detox-ton-stock.org\/index.php\/wp-json\/wp\/v2\/product_cat?post=826"},{"taxonomy":"product_tag","embeddable":true,"href":"https:\/\/detox-ton-stock.org\/index.php\/wp-json\/wp\/v2\/product_tag?post=826"}],"curies":[{"name":"wp","href":"https:\/\/api.w.org\/{rel}","templated":true}]}}