{"id":817,"date":"2024-05-20T14:38:05","date_gmt":"2024-05-20T12:38:05","guid":{"rendered":"https:\/\/detox-ton-stock.org\/?post_type=product&#038;p=817"},"modified":"2024-05-22T10:16:15","modified_gmt":"2024-05-22T08:16:15","slug":"nation","status":"publish","type":"product","link":"https:\/\/detox-ton-stock.org\/index.php\/produit\/nation\/","title":{"rendered":"NATION"},"content":{"rendered":"<p>Bol\u00e9ro NATION en Gore-Tex technique agr\u00e9ment\u00e9 aux bords du col et tout autour du bol\u00e9ro de cravates fronc\u00e9es d\u00e9coup\u00e9es au laser. Finition couture. (Blousons techniques RATP et cravates uniforme homme RATP)<\/p>\n","protected":false},"excerpt":{"rendered":"<p>Bol\u00e9ro NATION en Gore-Tex technique agr\u00e9ment\u00e9 aux bords du col et tout autour du bol\u00e9ro de cravates fronc\u00e9es d\u00e9coup\u00e9es au laser. Finition couture. (Blousons techniques RATP et cravates uniforme homme RATP)<\/p>\n","protected":false},"featured_media":824,"template":"","meta":{"_acf_changed":false,"_et_pb_use_builder":"","_et_pb_old_content":"","_et_gb_content_width":""},"product_brand":[],"product_cat":[39],"product_tag":[],"class_list":{"0":"post-817","1":"product","2":"type-product","3":"status-publish","4":"has-post-thumbnail","6":"product_cat-hauts-tops","8":"first","9":"instock","10":"shipping-taxable","11":"product-type-variable"},"acf":[],"_links":{"self":[{"href":"https:\/\/detox-ton-stock.org\/index.php\/wp-json\/wp\/v2\/product\/817","targetHints":{"allow":["GET"]}}],"collection":[{"href":"https:\/\/detox-ton-stock.org\/index.php\/wp-json\/wp\/v2\/product"}],"about":[{"href":"https:\/\/detox-ton-stock.org\/index.php\/wp-json\/wp\/v2\/types\/product"}],"wp:featuredmedia":[{"embeddable":true,"href":"https:\/\/detox-ton-stock.org\/index.php\/wp-json\/wp\/v2\/media\/824"}],"wp:attachment":[{"href":"https:\/\/detox-ton-stock.org\/index.php\/wp-json\/wp\/v2\/media?parent=817"}],"wp:term":[{"taxonomy":"product_brand","embeddable":true,"href":"https:\/\/detox-ton-stock.org\/index.php\/wp-json\/wp\/v2\/product_brand?post=817"},{"taxonomy":"product_cat","embeddable":true,"href":"https:\/\/detox-ton-stock.org\/index.php\/wp-json\/wp\/v2\/product_cat?post=817"},{"taxonomy":"product_tag","embeddable":true,"href":"https:\/\/detox-ton-stock.org\/index.php\/wp-json\/wp\/v2\/product_tag?post=817"}],"curies":[{"name":"wp","href":"https:\/\/api.w.org\/{rel}","templated":true}]}}