{"id":807,"date":"2024-05-20T14:31:43","date_gmt":"2024-05-20T12:31:43","guid":{"rendered":"https:\/\/detox-ton-stock.org\/?post_type=product&#038;p=807"},"modified":"2024-05-22T10:05:08","modified_gmt":"2024-05-22T08:05:08","slug":"passy","status":"publish","type":"product","link":"https:\/\/detox-ton-stock.org\/index.php\/produit\/passy\/","title":{"rendered":"PASSY"},"content":{"rendered":"<p>Jupe crayon PASSY taille corset\u00e9e \u00e0 effet de coups de lames \u00e0 la Fontana pour les coutures. Enti\u00e8rement pos\u00e9e sur organza de soie coloris chair. Finition couture. (Organza de soie provenant d\u2019une donation de tissus de la maison de couture Ala\u00efa et pantalons homme de l\u2019uniforme RATP)<\/p>\n","protected":false},"excerpt":{"rendered":"<p>Jupe crayon PASSY taille corset\u00e9e \u00e0 effet de coups de lames \u00e0 la Fontana pour les coutures. Enti\u00e8rement pos\u00e9e sur organza de soie coloris chair. Finition couture. (Organza de soie provenant d\u2019une donation de tissus de la maison de couture Ala\u00efa et pantalons homme de l\u2019uniforme RATP)<\/p>\n","protected":false},"featured_media":815,"template":"","meta":{"_acf_changed":false,"_et_pb_use_builder":"","_et_pb_old_content":"","_et_gb_content_width":""},"product_brand":[],"product_cat":[38],"product_tag":[],"class_list":{"0":"post-807","1":"product","2":"type-product","3":"status-publish","4":"has-post-thumbnail","6":"product_cat-vestes-robes","8":"first","9":"instock","10":"shipping-taxable","11":"product-type-variable"},"acf":[],"_links":{"self":[{"href":"https:\/\/detox-ton-stock.org\/index.php\/wp-json\/wp\/v2\/product\/807","targetHints":{"allow":["GET"]}}],"collection":[{"href":"https:\/\/detox-ton-stock.org\/index.php\/wp-json\/wp\/v2\/product"}],"about":[{"href":"https:\/\/detox-ton-stock.org\/index.php\/wp-json\/wp\/v2\/types\/product"}],"wp:featuredmedia":[{"embeddable":true,"href":"https:\/\/detox-ton-stock.org\/index.php\/wp-json\/wp\/v2\/media\/815"}],"wp:attachment":[{"href":"https:\/\/detox-ton-stock.org\/index.php\/wp-json\/wp\/v2\/media?parent=807"}],"wp:term":[{"taxonomy":"product_brand","embeddable":true,"href":"https:\/\/detox-ton-stock.org\/index.php\/wp-json\/wp\/v2\/product_brand?post=807"},{"taxonomy":"product_cat","embeddable":true,"href":"https:\/\/detox-ton-stock.org\/index.php\/wp-json\/wp\/v2\/product_cat?post=807"},{"taxonomy":"product_tag","embeddable":true,"href":"https:\/\/detox-ton-stock.org\/index.php\/wp-json\/wp\/v2\/product_tag?post=807"}],"curies":[{"name":"wp","href":"https:\/\/api.w.org\/{rel}","templated":true}]}}