{"id":787,"date":"2024-05-20T14:23:07","date_gmt":"2024-05-20T12:23:07","guid":{"rendered":"https:\/\/detox-ton-stock.org\/?post_type=product&#038;p=787"},"modified":"2024-05-21T14:37:14","modified_gmt":"2024-05-21T12:37:14","slug":"pyramides","status":"publish","type":"product","link":"https:\/\/detox-ton-stock.org\/index.php\/produit\/pyramides\/","title":{"rendered":"PYRAMIDES"},"content":{"rendered":"<p>Robe PYRAMIDES r\u00e9alis\u00e9e \u00e0 partir de la d\u00e9construction de pantalons homme de l\u2019uniforme RATP. D\u00e9coupe princesse devant et dos. Agr\u00e9ment\u00e9e de poches sur les c\u00f4t\u00e9s. Petites manches courtes et rondes sur les \u00e9paules. Encolure bateau. Finition couture.<\/p>\n","protected":false},"excerpt":{"rendered":"<p>Robe PYRAMIDES r\u00e9alis\u00e9e \u00e0 partir de la d\u00e9construction de pantalons homme de l\u2019uniforme RATP. D\u00e9coupe princesse devant et dos. Agr\u00e9ment\u00e9e de poches sur les c\u00f4t\u00e9s. Petites manches courtes et rondes sur les \u00e9paules. Encolure bateau. Finition couture.<\/p>\n","protected":false},"featured_media":796,"template":"","meta":{"_acf_changed":false,"_et_pb_use_builder":"","_et_pb_old_content":"","_et_gb_content_width":""},"product_brand":[],"product_cat":[38],"product_tag":[],"class_list":{"0":"post-787","1":"product","2":"type-product","3":"status-publish","4":"has-post-thumbnail","6":"product_cat-vestes-robes","8":"first","9":"instock","10":"shipping-taxable","11":"purchasable","12":"product-type-variable"},"acf":[],"_links":{"self":[{"href":"https:\/\/detox-ton-stock.org\/index.php\/wp-json\/wp\/v2\/product\/787","targetHints":{"allow":["GET"]}}],"collection":[{"href":"https:\/\/detox-ton-stock.org\/index.php\/wp-json\/wp\/v2\/product"}],"about":[{"href":"https:\/\/detox-ton-stock.org\/index.php\/wp-json\/wp\/v2\/types\/product"}],"wp:featuredmedia":[{"embeddable":true,"href":"https:\/\/detox-ton-stock.org\/index.php\/wp-json\/wp\/v2\/media\/796"}],"wp:attachment":[{"href":"https:\/\/detox-ton-stock.org\/index.php\/wp-json\/wp\/v2\/media?parent=787"}],"wp:term":[{"taxonomy":"product_brand","embeddable":true,"href":"https:\/\/detox-ton-stock.org\/index.php\/wp-json\/wp\/v2\/product_brand?post=787"},{"taxonomy":"product_cat","embeddable":true,"href":"https:\/\/detox-ton-stock.org\/index.php\/wp-json\/wp\/v2\/product_cat?post=787"},{"taxonomy":"product_tag","embeddable":true,"href":"https:\/\/detox-ton-stock.org\/index.php\/wp-json\/wp\/v2\/product_tag?post=787"}],"curies":[{"name":"wp","href":"https:\/\/api.w.org\/{rel}","templated":true}]}}