{"id":759,"date":"2024-05-20T14:03:19","date_gmt":"2024-05-20T12:03:19","guid":{"rendered":"https:\/\/detox-ton-stock.org\/?post_type=product&#038;p=759"},"modified":"2024-05-21T14:46:46","modified_gmt":"2024-05-21T12:46:46","slug":"rambuteau","status":"publish","type":"product","link":"https:\/\/detox-ton-stock.org\/index.php\/produit\/rambuteau\/","title":{"rendered":"RAMBUTEAU"},"content":{"rendered":"<p>Blouson RAMBUTEAU r\u00e9alis\u00e9 \u00e0 partir de la d\u00e9construction de pantalons homme de l\u2019uniforme RATP. Fermeture zip devant. Ceinture corset\u00e9e \u00e0 la taille basse avec effets bas volets sur le devant et sur le dos avec plis creux. Emmanchure raglan. Manches resserr\u00e9es par un poignet.<\/p>\n","protected":false},"excerpt":{"rendered":"<p>Blouson RAMBUTEAU r\u00e9alis\u00e9 \u00e0 partir de la d\u00e9construction de pantalons homme de l\u2019uniforme RATP. Fermeture zip devant. Ceinture corset\u00e9e \u00e0 la taille basse avec effets bas volets sur le devant et sur le dos avec plis creux. Emmanchure raglan. Manches resserr\u00e9es par un poignet.<\/p>\n","protected":false},"featured_media":760,"template":"","meta":{"_acf_changed":false,"_et_pb_use_builder":"","_et_pb_old_content":"","_et_gb_content_width":""},"product_brand":[],"product_cat":[39],"product_tag":[],"class_list":{"0":"post-759","1":"product","2":"type-product","3":"status-publish","4":"has-post-thumbnail","6":"product_cat-hauts-tops","8":"first","9":"instock","10":"shipping-taxable","11":"purchasable","12":"product-type-variable"},"acf":[],"_links":{"self":[{"href":"https:\/\/detox-ton-stock.org\/index.php\/wp-json\/wp\/v2\/product\/759","targetHints":{"allow":["GET"]}}],"collection":[{"href":"https:\/\/detox-ton-stock.org\/index.php\/wp-json\/wp\/v2\/product"}],"about":[{"href":"https:\/\/detox-ton-stock.org\/index.php\/wp-json\/wp\/v2\/types\/product"}],"wp:featuredmedia":[{"embeddable":true,"href":"https:\/\/detox-ton-stock.org\/index.php\/wp-json\/wp\/v2\/media\/760"}],"wp:attachment":[{"href":"https:\/\/detox-ton-stock.org\/index.php\/wp-json\/wp\/v2\/media?parent=759"}],"wp:term":[{"taxonomy":"product_brand","embeddable":true,"href":"https:\/\/detox-ton-stock.org\/index.php\/wp-json\/wp\/v2\/product_brand?post=759"},{"taxonomy":"product_cat","embeddable":true,"href":"https:\/\/detox-ton-stock.org\/index.php\/wp-json\/wp\/v2\/product_cat?post=759"},{"taxonomy":"product_tag","embeddable":true,"href":"https:\/\/detox-ton-stock.org\/index.php\/wp-json\/wp\/v2\/product_tag?post=759"}],"curies":[{"name":"wp","href":"https:\/\/api.w.org\/{rel}","templated":true}]}}