{"id":752,"date":"2024-05-20T13:59:08","date_gmt":"2024-05-20T11:59:08","guid":{"rendered":"https:\/\/detox-ton-stock.org\/?post_type=product&#038;p=752"},"modified":"2024-05-21T14:54:59","modified_gmt":"2024-05-21T12:54:59","slug":"bonne-nouvelle","status":"publish","type":"product","link":"https:\/\/detox-ton-stock.org\/index.php\/produit\/bonne-nouvelle\/","title":{"rendered":"BONNE-NOUVELLE"},"content":{"rendered":"<p>Robe manteau combinaison short \u00e0 effet trompe l\u2019\u0153il BONNE-NOUVELLE r\u00e9alis\u00e9e \u00e0 partir de la d\u00e9construction de pantalons homme de l\u2019uniforme RATP. Col tailleur \u00e0 larges bords, carrure ronde. Ceinture d\u00e9tachable \u00e0 boucle recouverte tissu.<\/p>\n","protected":false},"excerpt":{"rendered":"<p>Robe manteau combinaison short \u00e0 effet trompe l\u2019\u0153il BONNE-NOUVELLE r\u00e9alis\u00e9e \u00e0 partir de la d\u00e9construction de pantalons homme de l\u2019uniforme RATP. Col tailleur \u00e0 larges bords, carrure ronde. Ceinture d\u00e9tachable \u00e0 boucle recouverte tissu.<\/p>\n","protected":false},"featured_media":753,"template":"","meta":{"_acf_changed":false,"_et_pb_use_builder":"","_et_pb_old_content":"","_et_gb_content_width":""},"product_brand":[],"product_cat":[38],"product_tag":[],"class_list":{"0":"post-752","1":"product","2":"type-product","3":"status-publish","4":"has-post-thumbnail","6":"product_cat-vestes-robes","8":"first","9":"instock","10":"shipping-taxable","11":"purchasable","12":"product-type-variable"},"acf":[],"_links":{"self":[{"href":"https:\/\/detox-ton-stock.org\/index.php\/wp-json\/wp\/v2\/product\/752","targetHints":{"allow":["GET"]}}],"collection":[{"href":"https:\/\/detox-ton-stock.org\/index.php\/wp-json\/wp\/v2\/product"}],"about":[{"href":"https:\/\/detox-ton-stock.org\/index.php\/wp-json\/wp\/v2\/types\/product"}],"wp:featuredmedia":[{"embeddable":true,"href":"https:\/\/detox-ton-stock.org\/index.php\/wp-json\/wp\/v2\/media\/753"}],"wp:attachment":[{"href":"https:\/\/detox-ton-stock.org\/index.php\/wp-json\/wp\/v2\/media?parent=752"}],"wp:term":[{"taxonomy":"product_brand","embeddable":true,"href":"https:\/\/detox-ton-stock.org\/index.php\/wp-json\/wp\/v2\/product_brand?post=752"},{"taxonomy":"product_cat","embeddable":true,"href":"https:\/\/detox-ton-stock.org\/index.php\/wp-json\/wp\/v2\/product_cat?post=752"},{"taxonomy":"product_tag","embeddable":true,"href":"https:\/\/detox-ton-stock.org\/index.php\/wp-json\/wp\/v2\/product_tag?post=752"}],"curies":[{"name":"wp","href":"https:\/\/api.w.org\/{rel}","templated":true}]}}