{"id":741,"date":"2024-05-20T12:42:00","date_gmt":"2024-05-20T10:42:00","guid":{"rendered":"https:\/\/detox-ton-stock.org\/?post_type=product&#038;p=741"},"modified":"2024-05-21T14:41:28","modified_gmt":"2024-05-21T12:41:28","slug":"odeon","status":"publish","type":"product","link":"https:\/\/detox-ton-stock.org\/index.php\/produit\/odeon\/","title":{"rendered":"OD\u00c9ON"},"content":{"rendered":"<p>Blouse OD\u00c9ON r\u00e9alis\u00e9e \u00e0 partir de foulards en mousseline RATP. Motifs plac\u00e9s. Encolure bateau avec volants \u00e9lastiqu\u00e9e. Manches fendues sur le long du bras et poignets mousquetaires avec boutons jumelles.<\/p>\n","protected":false},"excerpt":{"rendered":"<p>Blouse OD\u00c9ON r\u00e9alis\u00e9e \u00e0 partir de foulards en mousseline RATP. Motifs plac\u00e9s. Encolure bateau avec volants \u00e9lastiqu\u00e9e. Manches fendues sur le long du bras et poignets mousquetaires avec boutons jumelles.<\/p>\n","protected":false},"featured_media":747,"template":"","meta":{"_acf_changed":false,"_et_pb_use_builder":"","_et_pb_old_content":"","_et_gb_content_width":""},"product_brand":[],"product_cat":[38],"product_tag":[],"class_list":{"0":"post-741","1":"product","2":"type-product","3":"status-publish","4":"has-post-thumbnail","6":"product_cat-vestes-robes","8":"first","9":"instock","10":"shipping-taxable","11":"purchasable","12":"product-type-variable"},"acf":[],"_links":{"self":[{"href":"https:\/\/detox-ton-stock.org\/index.php\/wp-json\/wp\/v2\/product\/741","targetHints":{"allow":["GET"]}}],"collection":[{"href":"https:\/\/detox-ton-stock.org\/index.php\/wp-json\/wp\/v2\/product"}],"about":[{"href":"https:\/\/detox-ton-stock.org\/index.php\/wp-json\/wp\/v2\/types\/product"}],"wp:featuredmedia":[{"embeddable":true,"href":"https:\/\/detox-ton-stock.org\/index.php\/wp-json\/wp\/v2\/media\/747"}],"wp:attachment":[{"href":"https:\/\/detox-ton-stock.org\/index.php\/wp-json\/wp\/v2\/media?parent=741"}],"wp:term":[{"taxonomy":"product_brand","embeddable":true,"href":"https:\/\/detox-ton-stock.org\/index.php\/wp-json\/wp\/v2\/product_brand?post=741"},{"taxonomy":"product_cat","embeddable":true,"href":"https:\/\/detox-ton-stock.org\/index.php\/wp-json\/wp\/v2\/product_cat?post=741"},{"taxonomy":"product_tag","embeddable":true,"href":"https:\/\/detox-ton-stock.org\/index.php\/wp-json\/wp\/v2\/product_tag?post=741"}],"curies":[{"name":"wp","href":"https:\/\/api.w.org\/{rel}","templated":true}]}}