{"id":718,"date":"2024-05-20T12:34:17","date_gmt":"2024-05-20T10:34:17","guid":{"rendered":"https:\/\/detox-ton-stock.org\/?post_type=product&#038;p=718"},"modified":"2024-05-21T14:53:54","modified_gmt":"2024-05-21T12:53:54","slug":"segur","status":"publish","type":"product","link":"https:\/\/detox-ton-stock.org\/index.php\/produit\/segur\/","title":{"rendered":"S\u00c9GUR"},"content":{"rendered":"<p>Ceinture corset S\u00c9GUR resserr\u00e9e \u00e0 la taille par un spaghetti r\u00e9alis\u00e9 dans un foulard RATP agr\u00e9ment\u00e9 de pompons cha\u00eenes. Bord\u00e9e de part et d\u2019autres de cravates RATP fronc\u00e9es d\u00e9coup\u00e9es au laser.<\/p>\n","protected":false},"excerpt":{"rendered":"<p>Ceinture corset S\u00c9GUR resserr\u00e9e \u00e0 la taille par un spaghetti r\u00e9alis\u00e9 dans un foulard RATP agr\u00e9ment\u00e9 de pompons cha\u00eenes. Bord\u00e9e de part et d\u2019autres de cravates RATP fronc\u00e9es d\u00e9coup\u00e9es au laser.<\/p>\n","protected":false},"featured_media":731,"template":"","meta":{"_acf_changed":false,"_et_pb_use_builder":"","_et_pb_old_content":"","_et_gb_content_width":""},"product_brand":[],"product_cat":[40,39],"product_tag":[],"class_list":{"0":"post-718","1":"product","2":"type-product","3":"status-publish","4":"has-post-thumbnail","6":"product_cat-accessoires","7":"product_cat-hauts-tops","9":"first","10":"instock","11":"shipping-taxable","12":"purchasable","13":"product-type-variable"},"acf":[],"_links":{"self":[{"href":"https:\/\/detox-ton-stock.org\/index.php\/wp-json\/wp\/v2\/product\/718","targetHints":{"allow":["GET"]}}],"collection":[{"href":"https:\/\/detox-ton-stock.org\/index.php\/wp-json\/wp\/v2\/product"}],"about":[{"href":"https:\/\/detox-ton-stock.org\/index.php\/wp-json\/wp\/v2\/types\/product"}],"wp:featuredmedia":[{"embeddable":true,"href":"https:\/\/detox-ton-stock.org\/index.php\/wp-json\/wp\/v2\/media\/731"}],"wp:attachment":[{"href":"https:\/\/detox-ton-stock.org\/index.php\/wp-json\/wp\/v2\/media?parent=718"}],"wp:term":[{"taxonomy":"product_brand","embeddable":true,"href":"https:\/\/detox-ton-stock.org\/index.php\/wp-json\/wp\/v2\/product_brand?post=718"},{"taxonomy":"product_cat","embeddable":true,"href":"https:\/\/detox-ton-stock.org\/index.php\/wp-json\/wp\/v2\/product_cat?post=718"},{"taxonomy":"product_tag","embeddable":true,"href":"https:\/\/detox-ton-stock.org\/index.php\/wp-json\/wp\/v2\/product_tag?post=718"}],"curies":[{"name":"wp","href":"https:\/\/api.w.org\/{rel}","templated":true}]}}