{"id":702,"date":"2024-05-20T10:54:54","date_gmt":"2024-05-20T08:54:54","guid":{"rendered":"https:\/\/detox-ton-stock.org\/?post_type=product&#038;p=702"},"modified":"2024-05-22T10:17:24","modified_gmt":"2024-05-22T08:17:24","slug":"bir-hakeim","status":"publish","type":"product","link":"https:\/\/detox-ton-stock.org\/index.php\/produit\/bir-hakeim\/","title":{"rendered":"BIR-HAKEIM"},"content":{"rendered":"<p>Spencer BIR-HAKEIM \u00e0 \u00e9paules d\u00e9nud\u00e9es pos\u00e9es sur organza coloris chair d\u00e9gageant le haut de l\u2019\u00e9paule. Col tailleur \u00e0 larges bords. Finition couture. (Organza de soie provenant d\u2019une donation de tissus de la maison de couture Ala\u00efa et pantalons homme de l\u2019uniforme RATP)<\/p>\n","protected":false},"excerpt":{"rendered":"<p>Spencer BIR-HAKEIM \u00e0 \u00e9paules d\u00e9nud\u00e9es pos\u00e9es sur organza coloris chair d\u00e9gageant le haut de l\u2019\u00e9paule. Col tailleur \u00e0 larges bords. Finition couture. (Organza de soie provenant d\u2019une donation de tissus de la maison de couture Ala\u00efa et pantalons homme de l\u2019uniforme RATP)<\/p>\n","protected":false},"featured_media":705,"template":"","meta":{"_acf_changed":false,"_et_pb_use_builder":"on","_et_pb_old_content":"Spencer BIR-HAKEIM \u00e0 \u00e9paules d\u00e9nud\u00e9es pos\u00e9es sur organza coloris chair d\u00e9gageant le haut de l\u2019\u00e9paule. Col tailleur \u00e0 larges bords. Finition couture. (Organza de soie provenant d\u2019une donation de tissus de la maison de couture Ala\u00efa et pantalons homme de l\u2019uniforme RATP)","_et_gb_content_width":""},"product_brand":[],"product_cat":[39],"product_tag":[],"class_list":{"0":"post-702","1":"product","2":"type-product","3":"status-publish","4":"has-post-thumbnail","6":"product_cat-hauts-tops","8":"first","9":"instock","10":"shipping-taxable","11":"product-type-variable"},"acf":[],"_links":{"self":[{"href":"https:\/\/detox-ton-stock.org\/index.php\/wp-json\/wp\/v2\/product\/702","targetHints":{"allow":["GET"]}}],"collection":[{"href":"https:\/\/detox-ton-stock.org\/index.php\/wp-json\/wp\/v2\/product"}],"about":[{"href":"https:\/\/detox-ton-stock.org\/index.php\/wp-json\/wp\/v2\/types\/product"}],"wp:featuredmedia":[{"embeddable":true,"href":"https:\/\/detox-ton-stock.org\/index.php\/wp-json\/wp\/v2\/media\/705"}],"wp:attachment":[{"href":"https:\/\/detox-ton-stock.org\/index.php\/wp-json\/wp\/v2\/media?parent=702"}],"wp:term":[{"taxonomy":"product_brand","embeddable":true,"href":"https:\/\/detox-ton-stock.org\/index.php\/wp-json\/wp\/v2\/product_brand?post=702"},{"taxonomy":"product_cat","embeddable":true,"href":"https:\/\/detox-ton-stock.org\/index.php\/wp-json\/wp\/v2\/product_cat?post=702"},{"taxonomy":"product_tag","embeddable":true,"href":"https:\/\/detox-ton-stock.org\/index.php\/wp-json\/wp\/v2\/product_tag?post=702"}],"curies":[{"name":"wp","href":"https:\/\/api.w.org\/{rel}","templated":true}]}}