{"id":1063,"date":"2024-05-21T17:12:39","date_gmt":"2024-05-21T15:12:39","guid":{"rendered":"https:\/\/detox-ton-stock.org\/?post_type=product&#038;p=1063"},"modified":"2024-05-21T17:12:39","modified_gmt":"2024-05-21T15:12:39","slug":"saint-paul","status":"publish","type":"product","link":"https:\/\/detox-ton-stock.org\/index.php\/produit\/saint-paul\/","title":{"rendered":"SAINT-PAUL"},"content":{"rendered":"<p>Veste tailleur SAINT-PAUL r\u00e9alis\u00e9 \u00e0 partir d\u2019une veste femme des uniformes RATP, manches raccourcies agr\u00e9ment\u00e9e de cravates mises en frou-frou sur le haut des manches. Boutonnage 1 bouton. Col ch\u00e2le.<\/p>\n","protected":false},"excerpt":{"rendered":"<p>Veste tailleur SAINT-PAUL r\u00e9alis\u00e9 \u00e0 partir d\u2019une veste femme des uniformes RATP, manches raccourcies agr\u00e9ment\u00e9e de cravates mises en frou-frou sur le haut des manches. Boutonnage 1 bouton. Col ch\u00e2le.<\/p>\n","protected":false},"featured_media":1043,"template":"","meta":{"_acf_changed":false,"_et_pb_use_builder":"","_et_pb_old_content":"","_et_gb_content_width":""},"product_brand":[],"product_cat":[38],"product_tag":[],"class_list":{"0":"post-1063","1":"product","2":"type-product","3":"status-publish","4":"has-post-thumbnail","6":"product_cat-vestes-robes","8":"first","9":"instock","10":"shipping-taxable","11":"purchasable","12":"product-type-variable"},"acf":[],"_links":{"self":[{"href":"https:\/\/detox-ton-stock.org\/index.php\/wp-json\/wp\/v2\/product\/1063","targetHints":{"allow":["GET"]}}],"collection":[{"href":"https:\/\/detox-ton-stock.org\/index.php\/wp-json\/wp\/v2\/product"}],"about":[{"href":"https:\/\/detox-ton-stock.org\/index.php\/wp-json\/wp\/v2\/types\/product"}],"wp:featuredmedia":[{"embeddable":true,"href":"https:\/\/detox-ton-stock.org\/index.php\/wp-json\/wp\/v2\/media\/1043"}],"wp:attachment":[{"href":"https:\/\/detox-ton-stock.org\/index.php\/wp-json\/wp\/v2\/media?parent=1063"}],"wp:term":[{"taxonomy":"product_brand","embeddable":true,"href":"https:\/\/detox-ton-stock.org\/index.php\/wp-json\/wp\/v2\/product_brand?post=1063"},{"taxonomy":"product_cat","embeddable":true,"href":"https:\/\/detox-ton-stock.org\/index.php\/wp-json\/wp\/v2\/product_cat?post=1063"},{"taxonomy":"product_tag","embeddable":true,"href":"https:\/\/detox-ton-stock.org\/index.php\/wp-json\/wp\/v2\/product_tag?post=1063"}],"curies":[{"name":"wp","href":"https:\/\/api.w.org\/{rel}","templated":true}]}}