{"id":1057,"date":"2024-05-21T16:53:51","date_gmt":"2024-05-21T14:53:51","guid":{"rendered":"https:\/\/detox-ton-stock.org\/?post_type=product&#038;p=1057"},"modified":"2024-05-21T16:56:08","modified_gmt":"2024-05-21T14:56:08","slug":"hotel-de-ville","status":"publish","type":"product","link":"https:\/\/detox-ton-stock.org\/index.php\/produit\/hotel-de-ville\/","title":{"rendered":"H\u00d4TEL DE VILLE"},"content":{"rendered":"<p>Pantalon corsaire \u00e0 taille corset montante H\u00d4TEL DE VILLE r\u00e9alis\u00e9 \u00e0 partir d\u2019un pantalon femme des uniformes RATP.<\/p>\n","protected":false},"excerpt":{"rendered":"<p>Pantalon corsaire \u00e0 taille corset montante H\u00d4TEL DE VILLE r\u00e9alis\u00e9 \u00e0 partir d\u2019un pantalon femme des uniformes RATP.<\/p>\n","protected":false},"featured_media":1035,"template":"","meta":{"_acf_changed":false,"_et_pb_use_builder":"","_et_pb_old_content":"","_et_gb_content_width":""},"product_brand":[],"product_cat":[37],"product_tag":[],"class_list":{"0":"post-1057","1":"product","2":"type-product","3":"status-publish","4":"has-post-thumbnail","6":"product_cat-pantalons","8":"first","9":"instock","10":"shipping-taxable","11":"purchasable","12":"product-type-variable"},"acf":[],"_links":{"self":[{"href":"https:\/\/detox-ton-stock.org\/index.php\/wp-json\/wp\/v2\/product\/1057","targetHints":{"allow":["GET"]}}],"collection":[{"href":"https:\/\/detox-ton-stock.org\/index.php\/wp-json\/wp\/v2\/product"}],"about":[{"href":"https:\/\/detox-ton-stock.org\/index.php\/wp-json\/wp\/v2\/types\/product"}],"wp:featuredmedia":[{"embeddable":true,"href":"https:\/\/detox-ton-stock.org\/index.php\/wp-json\/wp\/v2\/media\/1035"}],"wp:attachment":[{"href":"https:\/\/detox-ton-stock.org\/index.php\/wp-json\/wp\/v2\/media?parent=1057"}],"wp:term":[{"taxonomy":"product_brand","embeddable":true,"href":"https:\/\/detox-ton-stock.org\/index.php\/wp-json\/wp\/v2\/product_brand?post=1057"},{"taxonomy":"product_cat","embeddable":true,"href":"https:\/\/detox-ton-stock.org\/index.php\/wp-json\/wp\/v2\/product_cat?post=1057"},{"taxonomy":"product_tag","embeddable":true,"href":"https:\/\/detox-ton-stock.org\/index.php\/wp-json\/wp\/v2\/product_tag?post=1057"}],"curies":[{"name":"wp","href":"https:\/\/api.w.org\/{rel}","templated":true}]}}