{"id":1022,"date":"2024-05-21T16:38:55","date_gmt":"2024-05-21T14:38:55","guid":{"rendered":"https:\/\/detox-ton-stock.org\/?post_type=product&#038;p=1022"},"modified":"2024-05-21T16:48:21","modified_gmt":"2024-05-21T14:48:21","slug":"simplon","status":"publish","type":"product","link":"https:\/\/detox-ton-stock.org\/index.php\/produit\/simplon\/","title":{"rendered":"SIMPLON"},"content":{"rendered":"<p>Pantalon SIMPLON cigarette enti\u00e8rement \u00e9lastiqu\u00e9 sur les c\u00f4t\u00e9s en drap\u00e9 v\u00e9nitien. R\u00e9alis\u00e9 \u00e0 partir d\u2019un pantalon femme des uniformes RATP.<\/p>\n","protected":false},"excerpt":{"rendered":"<p>Pantalon SIMPLON cigarette enti\u00e8rement \u00e9lastiqu\u00e9 sur les c\u00f4t\u00e9s en drap\u00e9 v\u00e9nitien. R\u00e9alis\u00e9 \u00e0 partir d\u2019un pantalon femme des uniformes RATP.<\/p>\n","protected":false},"featured_media":1049,"template":"","meta":{"_acf_changed":false,"_et_pb_use_builder":"","_et_pb_old_content":"","_et_gb_content_width":""},"product_brand":[],"product_cat":[37],"product_tag":[],"class_list":{"0":"post-1022","1":"product","2":"type-product","3":"status-publish","4":"has-post-thumbnail","6":"product_cat-pantalons","8":"first","9":"instock","10":"shipping-taxable","11":"purchasable","12":"product-type-variable"},"acf":[],"_links":{"self":[{"href":"https:\/\/detox-ton-stock.org\/index.php\/wp-json\/wp\/v2\/product\/1022","targetHints":{"allow":["GET"]}}],"collection":[{"href":"https:\/\/detox-ton-stock.org\/index.php\/wp-json\/wp\/v2\/product"}],"about":[{"href":"https:\/\/detox-ton-stock.org\/index.php\/wp-json\/wp\/v2\/types\/product"}],"wp:featuredmedia":[{"embeddable":true,"href":"https:\/\/detox-ton-stock.org\/index.php\/wp-json\/wp\/v2\/media\/1049"}],"wp:attachment":[{"href":"https:\/\/detox-ton-stock.org\/index.php\/wp-json\/wp\/v2\/media?parent=1022"}],"wp:term":[{"taxonomy":"product_brand","embeddable":true,"href":"https:\/\/detox-ton-stock.org\/index.php\/wp-json\/wp\/v2\/product_brand?post=1022"},{"taxonomy":"product_cat","embeddable":true,"href":"https:\/\/detox-ton-stock.org\/index.php\/wp-json\/wp\/v2\/product_cat?post=1022"},{"taxonomy":"product_tag","embeddable":true,"href":"https:\/\/detox-ton-stock.org\/index.php\/wp-json\/wp\/v2\/product_tag?post=1022"}],"curies":[{"name":"wp","href":"https:\/\/api.w.org\/{rel}","templated":true}]}}